{"id":2122,"date":"2025-12-11T09:39:35","date_gmt":"2025-12-11T08:39:35","guid":{"rendered":"https:\/\/www.ethinking.es\/the-work-club\/?page_id=2122"},"modified":"2025-12-19T13:06:51","modified_gmt":"2025-12-19T12:06:51","slug":"politica-de-cookies","status":"publish","type":"page","link":"https:\/\/www.ethinking.es\/the-work-club\/politica-de-cookies\/","title":{"rendered":"Pol\u00edtica de Cookies"},"content":{"rendered":"\t\t<div data-elementor-type=\"wp-page\" data-elementor-id=\"2122\" class=\"elementor elementor-2122\">\n\t\t\t\t<div class=\"elementor-element elementor-element-b36dc97 e-flex e-con-boxed e-con e-parent\" data-id=\"b36dc97\" data-element_type=\"container\">\n\t\t\t\t\t<div class=\"e-con-inner\">\n\t\t\t\t<div class=\"elementor-element elementor-element-0670167 elementor-widget elementor-widget-text-editor\" data-id=\"0670167\" data-element_type=\"widget\" data-widget_type=\"text-editor.default\">\n\t\t\t\t\t\t\t\t\t<h1>Pol\u00edtica de Cookies<\/h1><p>Esta Pol\u00edtica de cookies fue actualizada por \u00faltima vez el 3 febrero, 2024 y se aplica a los ciudadanos y residentes legales permanentes del Espacio Econ\u00f3mico Europeo y Suiza.<\/p><h2>1. Introducci\u00f3n<\/h2><p>Nuestra web, The work club (en adelante: \u00abla web\u00bb) usa cookies y otras tecnolog\u00edas relacionadas (para mayor comodidad, todas las tecnolog\u00edas se denominar\u00e1n como \u00abcookies\u00bb). Las cookies tambi\u00e9n pueden ser colocadas por terceros que hemos contratado. En el siguiente documento le informamos sobre el uso de cookies en nuestra web.<\/p><h2>2. \u00bfQu\u00e9 son las cookies?<\/h2><p>Una cookie es un peque\u00f1o archivo que se env\u00eda junto con las p\u00e1ginas de esta web y que su navegador almacena en el disco duro de su ordenador u otro dispositivo. La informaci\u00f3n almacenada puede ser devuelta a nuestros servidores o a los servidores de terceros apropiados durante una visita posterior.<\/p><h2>3. \u00bfQu\u00e9 son los scripts?<\/h2><p>Un script es un fragmento de c\u00f3digo de programa que se utiliza para hacer que nuestra web funcione correctamente y de forma interactiva. Este c\u00f3digo se ejecuta en nuestro servidor o en su dispositivo.<\/p><h2>4. \u00bfQu\u00e9 es un web beacon?<\/h2><p>Una baliza web (o una etiqueta de p\u00edxel) es una peque\u00f1a e invisible pieza de texto o imagen en una web que se utiliza para monitorear el tr\u00e1fico en una web. Para ello, se almacenan varios datos sobre usted mediante estas balizas web.<\/p><h2>5. Cookies<\/h2><h3>5.1 Cookies t\u00e9cnicas o funcionales<\/h3><p>Algunas cookies aseguran que ciertas partes de la web funcionen correctamente y que sus preferencias de usuario sigan siendo reconocidas. Al colocar cookies funcionales, le facilitamos la visita a nuestra web. De esta manera, usted no necesita introducir repetidamente la misma informaci\u00f3n cuando visita nuestra web y, por ejemplo, los art\u00edculos permanecen en su cesta de la compra hasta que usted haya pagado. Podemos colocar estas cookies sin su consentimiento.<\/p><h3>5.2 Cookies de Marketing\/Seguimiento<\/h3><p>Las cookies de marketing\/seguimiento son cookies, o cualquier otra forma de almacenamiento local, usadas para crear perfiles de usuario para mostrar publicidad o para hacer el seguimiento del usuario en esta web o en varias webs con fines de marketing similares.<\/p><h2>6. Cookies usadas<\/h2><h3>Wordfence \u2014 Funcional<\/h3><h4>Uso<\/h4><p>Usamos Wordfence para seguridad del sitio web.\u00a0<a href=\"https:\/\/cookiedatabase.org\/service\/wordfence\/\" target=\"_blank\" rel=\"noopener noreferrer nofollow\">Leer m\u00e1s<\/a><\/p><h4>Compartir datos<\/h4><p>Para m\u00e1s informaci\u00f3n, por favor lee la\u00a0<a href=\"https:\/\/www.wordfence.com\/privacy-policy\/\" target=\"_blank\" rel=\"noopener noreferrer nofollow\">Wordfence Pol\u00edtica de privacidad<\/a>.<\/p><h4>Funcional<\/h4><p><strong>Nombre:<\/strong>\u00a0<a href=\"https:\/\/cookiedatabase.org\/cookie\/wordfence\/wf-scan-issue-expanded-2\/\" target=\"_blank\" rel=\"noopener noreferrer nofollow\">wf-scan-issue-expanded-*<\/a><br \/><strong>Caducidad:<\/strong>\u00a0sesi\u00f3n<br \/><strong>Funci\u00f3n:<\/strong>\u00a0Identifica el tr\u00e1fico web de confianza<\/p><h3>GDPR Cookie Consent \u2014 Funcional<\/h3><h4>Uso<\/h4><p>Usamos GDPR Cookie Consent para gesti\u00f3n del consentimiento de cookies.\u00a0<a href=\"https:\/\/cookiedatabase.org\/service\/gdpr-cookie-consent\/\" target=\"_blank\" rel=\"noopener noreferrer nofollow\">Leer m\u00e1s<\/a><\/p><h4>Compartir datos<\/h4><p>Estos datos no se comparten con terceros.<\/p><h4>Funcional<\/h4><p><strong>Nombre:<\/strong>\u00a0<a href=\"https:\/\/cookiedatabase.org\/cookie\/gdpr-cookie-consent\/viewed_cookie_policy\/\" target=\"_blank\" rel=\"noopener noreferrer nofollow\">viewed_cookie_policy<\/a><br \/><strong>Caducidad:<\/strong>\u00a0persistente<br \/><strong>Funci\u00f3n:<\/strong>\u00a0Guardar si un mensaje ha sido mostrado<\/p><h3>Google Fonts \u2014 Marketing<\/h3><h4>Uso<\/h4><p>Usamos Google Fonts para mostrar fuentes web.\u00a0<a href=\"https:\/\/cookiedatabase.org\/service\/google-fonts\/\" target=\"_blank\" rel=\"noopener noreferrer nofollow\">Leer m\u00e1s<\/a><\/p><h4>Compartir datos<\/h4><p>Para m\u00e1s informaci\u00f3n, por favor lee la\u00a0<a href=\"https:\/\/policies.google.com\/privacy\" target=\"_blank\" rel=\"noopener noreferrer nofollow\">Google Fonts Pol\u00edtica de privacidad<\/a>.<\/p><h4>Marketing<\/h4><p><strong>Nombre:<\/strong>\u00a0<a href=\"https:\/\/cookiedatabase.org\/cookie\/google-fonts\/tcb_google_fonts\/\" target=\"_blank\" rel=\"noopener noreferrer nofollow\">Google Fonts API<\/a><br \/><strong>Caducidad:<\/strong>\u00a0nada<br \/><strong>Funci\u00f3n:<\/strong>\u00a0Solicitar la direcci\u00f3n IP del usuario<\/p><h3>Google reCAPTCHA \u2014 Marketing<\/h3><h4>Uso<\/h4><p>Usamos Google reCAPTCHA para prevenci\u00f3n de spam.\u00a0<a href=\"https:\/\/cookiedatabase.org\/service\/google-recaptcha\/\" target=\"_blank\" rel=\"noopener noreferrer nofollow\">Leer m\u00e1s<\/a><\/p><h4>Compartir datos<\/h4><p>Para m\u00e1s informaci\u00f3n, por favor lee la\u00a0<a href=\"https:\/\/policies.google.com\/privacy\" target=\"_blank\" rel=\"noopener noreferrer nofollow\">Google reCAPTCHA Pol\u00edtica de privacidad<\/a>.<\/p><h4>Marketing<\/h4><p><strong>Nombre:<\/strong>\u00a0<a href=\"https:\/\/cookiedatabase.org\/cookie\/google-recaptcha\/rcc\/\" target=\"_blank\" rel=\"noopener noreferrer nofollow\">rc::c<\/a><br \/><strong>Caducidad:<\/strong>\u00a0sesi\u00f3n<br \/><strong>Funci\u00f3n:<\/strong>\u00a0Filtrar solicitudes de bots<\/p><p><strong>Nombre:<\/strong>\u00a0<a href=\"https:\/\/cookiedatabase.org\/cookie\/google-recaptcha\/rcb\/\" target=\"_blank\" rel=\"noopener noreferrer nofollow\">rc::b<\/a><br \/><strong>Caducidad:<\/strong>\u00a0sesi\u00f3n<br \/><strong>Funci\u00f3n:<\/strong>\u00a0Filtrar solicitudes de bots<\/p><p><strong>Nombre:<\/strong>\u00a0<a href=\"https:\/\/cookiedatabase.org\/cookie\/google-recaptcha\/rca\/\" target=\"_blank\" rel=\"noopener noreferrer nofollow\">rc::a<\/a><br \/><strong>Caducidad:<\/strong>\u00a0persistente<br \/><strong>Funci\u00f3n:<\/strong>\u00a0Filtrar solicitudes de bots<\/p><h3>Google Maps \u2014 Marketing<\/h3><h4>Uso<\/h4><p>Usamos Google Maps para mostrar mapas.\u00a0<a href=\"https:\/\/cookiedatabase.org\/service\/google-maps\/\" target=\"_blank\" rel=\"noopener noreferrer nofollow\">Leer m\u00e1s<\/a><\/p><h4>Compartir datos<\/h4><p>Para m\u00e1s informaci\u00f3n, por favor lee la\u00a0<a href=\"https:\/\/policies.google.com\/privacy\" target=\"_blank\" rel=\"noopener noreferrer nofollow\">Google Maps Pol\u00edtica de privacidad<\/a>.<\/p><h4>Marketing<\/h4><p><strong>Nombre:<\/strong>\u00a0<a href=\"https:\/\/cookiedatabase.org\/cookie\/google-maps\/google-maps-api\/\" target=\"_blank\" rel=\"noopener noreferrer nofollow\">Google Maps API<\/a><br \/><strong>Caducidad:<\/strong>\u00a0nada<br \/><strong>Funci\u00f3n:<\/strong>\u00a0Solicitar la direcci\u00f3n IP del usuario<\/p><h3>YouTube \u2014 Marketing<\/h3><h4>Uso<\/h4><p>Usamos YouTube para mostrar video.\u00a0<a href=\"https:\/\/cookiedatabase.org\/service\/youtube\/\" target=\"_blank\" rel=\"noopener noreferrer nofollow\">Leer m\u00e1s<\/a><\/p><h4>Compartir datos<\/h4><p>Para m\u00e1s informaci\u00f3n, por favor lee la\u00a0<a href=\"https:\/\/policies.google.com\/privacy\" target=\"_blank\" rel=\"noopener noreferrer nofollow\">YouTube Pol\u00edtica de privacidad<\/a>.<\/p><h4>Marketing<\/h4><p><strong>Nombre:<\/strong>\u00a0<a href=\"https:\/\/cookiedatabase.org\/cookie\/youtube\/gps\/\" target=\"_blank\" rel=\"noopener noreferrer nofollow\">GPS<\/a><br \/><strong>Caducidad:<\/strong>\u00a0sesi\u00f3n<br \/><strong>Funci\u00f3n:<\/strong>\u00a0Guardar datos de ubicaci\u00f3n<\/p><p><strong>Nombre:<\/strong>\u00a0<a href=\"https:\/\/cookiedatabase.org\/cookie\/youtube\/visitor_info1_live\/\" target=\"_blank\" rel=\"noopener noreferrer nofollow\">VISITOR_INFO1_LIVE<\/a><br \/><strong>Caducidad:<\/strong>\u00a06 meses<br \/><strong>Funci\u00f3n:<\/strong>\u00a0Habilitar la publicaci\u00f3n de anuncios o retargeting<\/p><p><strong>Nombre:<\/strong>\u00a0<a href=\"https:\/\/cookiedatabase.org\/cookie\/youtube\/ysc\/\" target=\"_blank\" rel=\"noopener noreferrer nofollow\">YSC<\/a><br \/><strong>Caducidad:<\/strong>\u00a0sesi\u00f3n<br \/><strong>Funci\u00f3n:<\/strong>\u00a0Store and track interaction<\/p><p><strong>Nombre:<\/strong>\u00a0<a href=\"https:\/\/cookiedatabase.org\/cookie\/youtube\/pref\/\" target=\"_blank\" rel=\"noopener noreferrer nofollow\">PREF<\/a><br \/><strong>Caducidad:<\/strong>\u00a08 meses<br \/><strong>Funci\u00f3n:<\/strong>\u00a0Guardar las preferencias de los usuarios<\/p><h3>Borlabs \u2014 Prop\u00f3sito pendiente de investigaci\u00f3n<\/h3><h4>Uso<\/h4><h4>Compartir datos<\/h4><p>Estos datos no se comparten con terceros.<\/p><h4>Prop\u00f3sito pendiente de investigaci\u00f3n<\/h4><p><strong>Nombre:<\/strong>\u00a0<a href=\"https:\/\/cookiedatabase.org\/cookie\/unknown-service\/borlabs-cookie\/\" target=\"_blank\" rel=\"noopener noreferrer nofollow\">borlabs-cookie<\/a><\/p><h3>Complianz \u2014 Funcional<\/h3><h4>Uso<\/h4><h4>Compartir datos<\/h4><p>Estos datos no se comparten con terceros. Para m\u00e1s informaci\u00f3n, por favor lee la\u00a0<a href=\"https:\/\/complianz.io\/legal\/privacy-statement\/\" target=\"_blank\" rel=\"noopener noreferrer\">Complianz Pol\u00edtica de privacidad<\/a>.<\/p><h4>Funcional<\/h4><p><strong>Nombre:<\/strong>\u00a0<a href=\"https:\/\/cookiedatabase.org\/cookie\/unknown-service\/cmplz_policy_id\/\" target=\"_blank\" rel=\"noopener noreferrer nofollow\">cmplz_policy_id<\/a><br \/><strong>Caducidad:<\/strong>\u00a0365 d\u00edas<br \/><strong>Funci\u00f3n:<\/strong>\u00a0Almacenar la ID de la pol\u00edtica de cookies aceptada<\/p><p><strong>Nombre:<\/strong>\u00a0<a href=\"https:\/\/cookiedatabase.org\/cookie\/unknown-service\/cmplz_banner-status\/\" target=\"_blank\" rel=\"noopener noreferrer nofollow\">cmplz_banner-status<\/a><br \/><strong>Caducidad:<\/strong>\u00a0365 d\u00edas<br \/><strong>Funci\u00f3n:<\/strong>\u00a0Store if the cookie banner has been dismissed<\/p><p><strong>Nombre:<\/strong>\u00a0<a href=\"https:\/\/cookiedatabase.org\/cookie\/unknown-service\/cmplz_consented_services\/\" target=\"_blank\" rel=\"noopener noreferrer nofollow\">cmplz_consented_services<\/a><br \/><strong>Caducidad:<\/strong>\u00a0365 d\u00edas<br \/><strong>Funci\u00f3n:<\/strong>\u00a0Guardar preferencias de consentimiento de cookies<\/p><h3>Miscel\u00e1neas \u2014 Prop\u00f3sito pendiente de investigaci\u00f3n<\/h3><h4>Uso<\/h4><h4>Compartir datos<\/h4><p>El intercambio de datos est\u00e1 pendiente de investigaci\u00f3n<\/p><h4>Prop\u00f3sito pendiente de investigaci\u00f3n<\/h4><p><strong>Nombre:<\/strong>\u00a0searchPanel<\/p><p><strong>Nombre:<\/strong>\u00a0wf-repair-file-sudo<\/p><p><strong>Nombre:<\/strong>\u00a0codemirrorTheme<\/p><p><strong>Nombre:<\/strong>\u00a0__mpq_5d545622e3a040aca63f2089b0e6cae7_ev<\/p><p><strong>Nombre:<\/strong>\u00a0<a href=\"https:\/\/cookiedatabase.org\/cookie\/unknown-service\/cookielawinfo-checkbox\/\" target=\"_blank\" rel=\"noopener noreferrer nofollow\">cookielawinfo-checkbox-*<\/a><\/p><p><strong>Nombre:<\/strong>\u00a0s1556610161<\/p><p><strong>Nombre:<\/strong>\u00a0wfwaf-authcookie-4e89fff3d1498aaf491e5a57a51708b2<\/p><p><strong>Nombre:<\/strong>\u00a0isWhitelist<\/p><p><strong>Nombre:<\/strong>\u00a0_ke_alooma_event_number<\/p><p><strong>Nombre:<\/strong>\u00a0_ke_alooma_tab_id<\/p><p><strong>Nombre:<\/strong>\u00a0auto_coupons_session<\/p><p><strong>Nombre:<\/strong>\u00a0WP_DATA_USER_5<\/p><p><strong>Nombre:<\/strong>\u00a0WP_PREFERENCES_USER_5<\/p><p><strong>Nombre:<\/strong>\u00a0cmplz_marketing \u2014 Caducidad: 365 d\u00edas<\/p><p><strong>Nombre:<\/strong>\u00a0cmplz_statistics \u2014 Caducidad: 365 d\u00edas<\/p><p><strong>Nombre:<\/strong>\u00a0cmplz_preferences \u2014 Caducidad: 365 d\u00edas<\/p><p><strong>Nombre:<\/strong>\u00a0cmplz_functional \u2014 Caducidad: 365 d\u00edas<\/p><p><strong>Nombre:<\/strong>\u00a0cmplz_cookie_data \u2014 Caducidad: 365 d\u00edas<\/p><p><strong>Nombre:<\/strong>\u00a0wp-autosave-1<\/p><p><strong>Nombre:<\/strong>\u00a0fusionPanel<\/p><p><strong>Nombre:<\/strong>\u00a0adobeCleanFontAdded<\/p><h2>7. Consentimiento<\/h2><p>Cuando visite nuestra web por primera vez, le mostraremos una ventana emergente con una explicaci\u00f3n sobre las cookies. En cuanto haga clic en \u00abGuardar preferencias\u00bb, estar\u00e1 dando su consentimiento para que utilicemos las categor\u00edas de cookies y plugins que haya seleccionado en la ventana emergente, tal y como se describe en esta Pol\u00edtica de cookies. Puede desactivar el uso de cookies a trav\u00e9s de su navegador, pero tenga en cuenta que nuestra web podr\u00eda dejar de funcionar correctamente.<\/p><h3>7.1 Administre sus ajustes de consentimiento<\/h3><p><strong>Funcional:<\/strong>\u00a0Siempre activo.<\/p><p><strong>Preferencias.<\/strong><\/p><p><strong>Marketing.<\/strong><\/p><h2>8. Activaci\u00f3n\/desactivaci\u00f3n y eliminaci\u00f3n de cookies<\/h2><p>Puede utilizar su navegador de internet para eliminar las cookies autom\u00e1tica o manualmente. Tambi\u00e9n puede especificar que no se coloquen determinadas cookies. Otra opci\u00f3n es cambiar los ajustes de su navegador de internet para que reciba un mensaje cada vez que se coloque una cookie. Para m\u00e1s informaci\u00f3n sobre estas opciones, consulte las instrucciones de la secci\u00f3n de ayuda de su navegador.<\/p><p>Ten en cuenta que nuestro sitio web puede no funcionar correctamente si se deshabilitan todas las cookies. Si decides eliminar las cookies de tu navegador, se volver\u00e1n a colocar despu\u00e9s de que des tu consentimiento la pr\u00f3xima vez que visites nuestro sitio web.<\/p><h2>9. Sus derechos con respecto a los datos personales<\/h2><p>Usted tiene los siguientes derechos con respecto a sus datos personales:<\/p><ul><li>Usted tiene derecho a saber por qu\u00e9 se necesitan sus datos personales, qu\u00e9 pasar\u00e1 con ellos y durante cu\u00e1nto tiempo se conservar\u00e1n.<\/li><li>Derecho de acceso: Tiene derecho a acceder a los datos personales que conocemos sobre usted.<\/li><li>Derecho de rectificaci\u00f3n: tiene derecho a completar, rectificar, borrar o bloquear sus datos personales cuando lo desee.<\/li><li>Si usted nos da su consentimiento para procesar sus datos, tiene derecho a revocar dicho consentimiento y a que se eliminen sus datos personales.<\/li><li>Derecho de cesi\u00f3n de sus datos: tiene derecho a solicitar todos sus datos personales al responsable y a transferirlos \u00edntegramente a otro responsable del tratamiento de datos.<\/li><li>Derecho de oposici\u00f3n: usted puede oponerse al tratamiento de sus datos. Nosotros cumplimos con esto, a menos que existan motivos justificados para el tratamiento.<\/li><\/ul><p>Para ejercer estos derechos, por favor, p\u00f3ngase en contacto con nosotros. Por favor refi\u00e9rase a los detalles de contacto en la parte inferior de esta Pol\u00edtica de dookies. Si tiene alguna queja sobre c\u00f3mo manejamos sus datos, nos gustar\u00eda que nos lo indicara, no obstante, tambi\u00e9n tiene derecho a presentar una reclamaci\u00f3n a la autoridad supervisora (la Autoridad de protecci\u00f3n de datos).<\/p><h2>10. Datos de contacto<\/h2><p>Para preguntas y\/o comentarios sobre nuestra Pol\u00edtica de cookies y esta declaraci\u00f3n, p\u00f3ngase en contacto con nosotros utilizando los siguientes datos de contacto:<\/p><p>The work club <br \/><a href=\"https:\/\/www.google.es\/maps\/place\/Codeur+S.A,+Infraestructuras+y+Servicios\/@37.2467419,-1.8697328,17z\/data=!3m1!4b1!4m5!3m4!1s0xd7ad503b9463c8b:0x6c8432b306f4af87!8m2!3d37.2467419!4d-1.8675441?shorturl=1\"><span class=\"elementor-icon-list-text\">Plaza Tom\u00e1s de Haro, 5, 04620, Vera (Almer\u00eda)<\/span><\/a><br \/>Web: The work club <br \/>Correo electr\u00f3nico:\u00a0<strong>info@codeur.es<\/strong><br \/>N\u00famero de tel\u00e9fono:\u00a0<strong>950 39 33 22<\/strong><\/p><p>Esta Politica de cookies se sincroniz\u00f3 con\u00a0<strong>cookiedatabase.org<\/strong>\u00a0el 15 octubre, 2025.<\/p>\t\t\t\t\t\t\t\t<\/div>\n\t\t\t\t\t<\/div>\n\t\t\t\t<\/div>\n\t\t\t\t<\/div>\n\t\t","protected":false},"excerpt":{"rendered":"<p>Pol\u00edtica de Cookies Esta Pol\u00edtica de cookies fue actualizada por \u00faltima vez el 3 febrero, 2024 y se aplica a [&hellip;]<\/p>\n","protected":false},"author":1,"featured_media":0,"parent":0,"menu_order":0,"comment_status":"closed","ping_status":"closed","template":"","meta":{"site-sidebar-layout":"no-sidebar","site-content-layout":"page-builder","ast-site-content-layout":"full-width-container","site-content-style":"default","site-sidebar-style":"default","ast-global-header-display":"","ast-banner-title-visibility":"","ast-main-header-display":"","ast-hfb-above-header-display":"","ast-hfb-below-header-display":"","ast-hfb-mobile-header-display":"","site-post-title":"disabled","ast-breadcrumbs-content":"","ast-featured-img":"disabled","footer-sml-layout":"","ast-disable-related-posts":"","theme-transparent-header-meta":"","adv-header-id-meta":"","stick-header-meta":"","header-above-stick-meta":"","header-main-stick-meta":"","header-below-stick-meta":"","astra-migrate-meta-layouts":"set","ast-page-background-enabled":"default","ast-page-background-meta":{"desktop":{"background-color":"var(--ast-global-color-4)","background-image":"","background-repeat":"repeat","background-position":"center center","background-size":"auto","background-attachment":"scroll","background-type":"","background-media":"","overlay-type":"","overlay-color":"","overlay-opacity":"","overlay-gradient":""},"tablet":{"background-color":"","background-image":"","background-repeat":"repeat","background-position":"center center","background-size":"auto","background-attachment":"scroll","background-type":"","background-media":"","overlay-type":"","overlay-color":"","overlay-opacity":"","overlay-gradient":""},"mobile":{"background-color":"","background-image":"","background-repeat":"repeat","background-position":"center center","background-size":"auto","background-attachment":"scroll","background-type":"","background-media":"","overlay-type":"","overlay-color":"","overlay-opacity":"","overlay-gradient":""}},"ast-content-background-meta":{"desktop":{"background-color":"var(--ast-global-color-5)","background-image":"","background-repeat":"repeat","background-position":"center center","background-size":"auto","background-attachment":"scroll","background-type":"","background-media":"","overlay-type":"","overlay-color":"","overlay-opacity":"","overlay-gradient":""},"tablet":{"background-color":"var(--ast-global-color-5)","background-image":"","background-repeat":"repeat","background-position":"center center","background-size":"auto","background-attachment":"scroll","background-type":"","background-media":"","overlay-type":"","overlay-color":"","overlay-opacity":"","overlay-gradient":""},"mobile":{"background-color":"var(--ast-global-color-5)","background-image":"","background-repeat":"repeat","background-position":"center center","background-size":"auto","background-attachment":"scroll","background-type":"","background-media":"","overlay-type":"","overlay-color":"","overlay-opacity":"","overlay-gradient":""}},"footnotes":""},"class_list":["post-2122","page","type-page","status-publish","hentry"],"_links":{"self":[{"href":"https:\/\/www.ethinking.es\/the-work-club\/wp-json\/wp\/v2\/pages\/2122","targetHints":{"allow":["GET"]}}],"collection":[{"href":"https:\/\/www.ethinking.es\/the-work-club\/wp-json\/wp\/v2\/pages"}],"about":[{"href":"https:\/\/www.ethinking.es\/the-work-club\/wp-json\/wp\/v2\/types\/page"}],"author":[{"embeddable":true,"href":"https:\/\/www.ethinking.es\/the-work-club\/wp-json\/wp\/v2\/users\/1"}],"replies":[{"embeddable":true,"href":"https:\/\/www.ethinking.es\/the-work-club\/wp-json\/wp\/v2\/comments?post=2122"}],"version-history":[{"count":7,"href":"https:\/\/www.ethinking.es\/the-work-club\/wp-json\/wp\/v2\/pages\/2122\/revisions"}],"predecessor-version":[{"id":2609,"href":"https:\/\/www.ethinking.es\/the-work-club\/wp-json\/wp\/v2\/pages\/2122\/revisions\/2609"}],"wp:attachment":[{"href":"https:\/\/www.ethinking.es\/the-work-club\/wp-json\/wp\/v2\/media?parent=2122"}],"curies":[{"name":"wp","href":"https:\/\/api.w.org\/{rel}","templated":true}]}}