{"id":1502,"date":"2025-11-27T12:45:39","date_gmt":"2025-11-27T11:45:39","guid":{"rendered":"https:\/\/www.ethinking.es\/the-work-club\/?page_id=1502"},"modified":"2025-12-19T11:48:14","modified_gmt":"2025-12-19T10:48:14","slug":"nosotros","status":"publish","type":"page","link":"https:\/\/www.ethinking.es\/the-work-club\/nosotros\/","title":{"rendered":"Nosotros"},"content":{"rendered":"\t\t<div data-elementor-type=\"wp-page\" data-elementor-id=\"1502\" class=\"elementor elementor-1502\">\n\t\t\t\t<div class=\"elementor-element elementor-element-33bf44c e-con-full e-flex e-con e-parent\" data-id=\"33bf44c\" data-element_type=\"container\">\n\t\t<div class=\"elementor-element elementor-element-955f6aa e-flex e-con-boxed e-con e-child\" data-id=\"955f6aa\" data-element_type=\"container\" data-settings=\"{&quot;background_background&quot;:&quot;classic&quot;}\">\n\t\t\t\t\t<div class=\"e-con-inner\">\n\t\t\t\t<div class=\"elementor-element elementor-element-74d6a31 elementor-widget elementor-widget-heading\" data-id=\"74d6a31\" data-element_type=\"widget\" data-widget_type=\"heading.default\">\n\t\t\t\t\t<h1 class=\"elementor-heading-title elementor-size-default\">Conectar. Colaborar. Crecer<\/h1>\t\t\t\t<\/div>\n\t\t\t\t\t<\/div>\n\t\t\t\t<\/div>\n\t\t\t\t<\/div>\n\t\t<div class=\"elementor-element elementor-element-e326bd3 e-con-full e-flex e-con e-parent\" data-id=\"e326bd3\" data-element_type=\"container\" data-settings=\"{&quot;background_background&quot;:&quot;classic&quot;}\">\n\t\t<div class=\"elementor-element elementor-element-a022e7f e-flex e-con-boxed e-con e-child\" data-id=\"a022e7f\" data-element_type=\"container\" data-settings=\"{&quot;background_background&quot;:&quot;classic&quot;}\">\n\t\t\t\t\t<div class=\"e-con-inner\">\n\t\t<div class=\"elementor-element elementor-element-14c3c25 e-con-full e-flex e-con e-child\" data-id=\"14c3c25\" data-element_type=\"container\">\n\t\t\t\t<div class=\"elementor-element elementor-element-5e424c6 elementor-widget elementor-widget-image\" data-id=\"5e424c6\" data-element_type=\"widget\" data-widget_type=\"image.default\">\n\t\t\t\t\t\t\t\t\t\t\t\t\t\t\t<img fetchpriority=\"high\" decoding=\"async\" width=\"1024\" height=\"683\" src=\"https:\/\/www.ethinking.es\/the-work-club\/wp-content\/uploads\/2025\/11\/imagen-fachada-edificio-The-Work-Club-1-1024x683.jpg\" class=\"attachment-large size-large wp-image-1508\" alt=\"\" srcset=\"https:\/\/www.ethinking.es\/the-work-club\/wp-content\/uploads\/2025\/11\/imagen-fachada-edificio-The-Work-Club-1-1024x683.jpg 1024w, https:\/\/www.ethinking.es\/the-work-club\/wp-content\/uploads\/2025\/11\/imagen-fachada-edificio-The-Work-Club-1-300x200.jpg 300w, https:\/\/www.ethinking.es\/the-work-club\/wp-content\/uploads\/2025\/11\/imagen-fachada-edificio-The-Work-Club-1-768x512.jpg 768w, https:\/\/www.ethinking.es\/the-work-club\/wp-content\/uploads\/2025\/11\/imagen-fachada-edificio-The-Work-Club-1.jpg 1080w\" sizes=\"(max-width: 1024px) 100vw, 1024px\" \/>\t\t\t\t\t\t\t\t\t\t\t\t\t\t\t<\/div>\n\t\t\t\t<\/div>\n\t\t<div class=\"elementor-element elementor-element-7bb21ad e-con-full e-flex e-con e-child\" data-id=\"7bb21ad\" data-element_type=\"container\">\n\t\t\t\t<div class=\"elementor-element elementor-element-6ea1231 elementor-widget elementor-widget-heading\" data-id=\"6ea1231\" data-element_type=\"widget\" data-widget_type=\"heading.default\">\n\t\t\t\t\t<h3 class=\"elementor-heading-title elementor-size-default\">Prop\u00f3sito<\/h3>\t\t\t\t<\/div>\n\t\t\t\t<div class=\"elementor-element elementor-element-c1f85d6 elementor-widget-divider--view-line elementor-widget elementor-widget-divider\" data-id=\"c1f85d6\" data-element_type=\"widget\" data-widget_type=\"divider.default\">\n\t\t\t\t\t\t\t<div class=\"elementor-divider\">\n\t\t\t<span class=\"elementor-divider-separator\">\n\t\t\t\t\t\t<\/span>\n\t\t<\/div>\n\t\t\t\t\t\t<\/div>\n\t\t\t\t<div class=\"elementor-element elementor-element-6385d70 elementor-widget elementor-widget-text-editor\" data-id=\"6385d70\" data-element_type=\"widget\" data-widget_type=\"text-editor.default\">\n\t\t\t\t\t\t\t\t\t<p>The Work Club nace en el coraz\u00f3n de Vera para redefinir la manera en la que los empresarios y profesionales trabajan, se relacionan y construyen el futuro. Actuando como catalizador para la creaci\u00f3n de <strong>sinergias<\/strong> y la <strong>co-creaci\u00f3n entre socios<\/strong> y miembros. <br \/>Nuestra misi\u00f3n es crear un entorno donde <strong>conectar <\/strong>profesionales, <strong>impulsar<\/strong> proyectos, <strong>desarrollar<\/strong> oportunidades de negocio con quienes buscan ir m\u00e1s all\u00e1, y celebrar logros juntos. <br \/>The Work Club va m\u00e1s all\u00e1 de un coworking tradicional. Aqu\u00ed cada detalle est\u00e1 dise\u00f1ado para potenciar la productividad y el bienestar de los miembros y socios. Combinando instalaciones modernas y <strong>tecnolog\u00eda de vanguardia<\/strong>, con un servicio y<strong> atenci\u00f3n cercana y personal.<\/strong><\/p>\t\t\t\t\t\t\t\t<\/div>\n\t\t\t\t<\/div>\n\t\t\t\t\t<\/div>\n\t\t\t\t<\/div>\n\t\t\t\t<\/div>\n\t\t<div class=\"elementor-element elementor-element-377a927 e-con-full e-flex e-con e-parent\" data-id=\"377a927\" data-element_type=\"container\">\n\t\t<div class=\"elementor-element elementor-element-5114a89 e-flex e-con-boxed e-con e-child\" data-id=\"5114a89\" data-element_type=\"container\" data-settings=\"{&quot;background_background&quot;:&quot;classic&quot;}\">\n\t\t\t\t\t<div class=\"e-con-inner\">\n\t\t<div class=\"elementor-element elementor-element-5948d52 e-con-full e-flex e-con e-child\" data-id=\"5948d52\" data-element_type=\"container\">\n\t\t\t\t<div class=\"elementor-element elementor-element-1a792d1 elementor-widget elementor-widget-heading\" data-id=\"1a792d1\" data-element_type=\"widget\" data-widget_type=\"heading.default\">\n\t\t\t\t\t<h3 class=\"elementor-heading-title elementor-size-default\">Una ciudad conectada<\/h3>\t\t\t\t<\/div>\n\t\t\t\t<div class=\"elementor-element elementor-element-1b569f9 elementor-widget-divider--view-line elementor-widget elementor-widget-divider\" data-id=\"1b569f9\" data-element_type=\"widget\" data-widget_type=\"divider.default\">\n\t\t\t\t\t\t\t<div class=\"elementor-divider\">\n\t\t\t<span class=\"elementor-divider-separator\">\n\t\t\t\t\t\t<\/span>\n\t\t<\/div>\n\t\t\t\t\t\t<\/div>\n\t\t\t\t<div class=\"elementor-element elementor-element-de3c4f2 elementor-widget elementor-widget-text-editor\" data-id=\"de3c4f2\" data-element_type=\"widget\" data-widget_type=\"text-editor.default\">\n\t\t\t\t\t\t\t\t\t<p>La puesta en marcha de The Work Club supone tambi\u00e9n una nueva vida para uno de los edificios m\u00e1s emblem\u00e1ticos de la ciudad. Casa Orozco se convierte as\u00ed en un\u00a0centro de actividad econ\u00f3mica, innovaci\u00f3n y relaciones profesionales, alineado con la visi\u00f3n de una<strong> Vera m\u00e1s moderna, pr\u00f3spera y conectada.<\/strong><\/p>\t\t\t\t\t\t\t\t<\/div>\n\t\t\t\t<\/div>\n\t\t<div class=\"elementor-element elementor-element-c9cf2d5 e-con-full e-flex e-con e-child\" data-id=\"c9cf2d5\" data-element_type=\"container\">\n\t\t\t\t<div class=\"elementor-element elementor-element-06a4393 elementor-widget elementor-widget-image\" data-id=\"06a4393\" data-element_type=\"widget\" data-widget_type=\"image.default\">\n\t\t\t\t\t\t\t\t\t\t\t\t\t\t\t<img decoding=\"async\" width=\"1024\" height=\"683\" src=\"https:\/\/www.ethinking.es\/the-work-club\/wp-content\/uploads\/2025\/12\/vera-foto-panoramica-casco-urbano-1024x683.jpg\" class=\"attachment-large size-large wp-image-2545\" alt=\"vera-foto-panoramica-casco-urbano\" srcset=\"https:\/\/www.ethinking.es\/the-work-club\/wp-content\/uploads\/2025\/12\/vera-foto-panoramica-casco-urbano-1024x683.jpg 1024w, https:\/\/www.ethinking.es\/the-work-club\/wp-content\/uploads\/2025\/12\/vera-foto-panoramica-casco-urbano-300x200.jpg 300w, https:\/\/www.ethinking.es\/the-work-club\/wp-content\/uploads\/2025\/12\/vera-foto-panoramica-casco-urbano-768x512.jpg 768w, https:\/\/www.ethinking.es\/the-work-club\/wp-content\/uploads\/2025\/12\/vera-foto-panoramica-casco-urbano.jpg 1080w\" sizes=\"(max-width: 1024px) 100vw, 1024px\" \/>\t\t\t\t\t\t\t\t\t\t\t\t\t\t\t<\/div>\n\t\t\t\t<\/div>\n\t\t\t\t\t<\/div>\n\t\t\t\t<\/div>\n\t\t\t\t<\/div>\n\t\t<div class=\"elementor-element elementor-element-3112c71 e-con-full e-flex e-con e-parent\" data-id=\"3112c71\" data-element_type=\"container\" data-settings=\"{&quot;background_background&quot;:&quot;classic&quot;}\">\n\t\t<div class=\"elementor-element elementor-element-26bc7de e-flex e-con-boxed e-con e-child\" data-id=\"26bc7de\" data-element_type=\"container\" data-settings=\"{&quot;background_background&quot;:&quot;classic&quot;}\">\n\t\t\t\t\t<div class=\"e-con-inner\">\n\t\t<div class=\"elementor-element elementor-element-9b3a6d1 e-con-full e-flex e-con e-child\" data-id=\"9b3a6d1\" data-element_type=\"container\">\n\t\t\t\t<div class=\"elementor-element elementor-element-3e11090 elementor-widget elementor-widget-image\" data-id=\"3e11090\" data-element_type=\"widget\" data-widget_type=\"image.default\">\n\t\t\t\t\t\t\t\t\t\t\t\t\t\t\t<img decoding=\"async\" width=\"1024\" height=\"683\" src=\"https:\/\/www.ethinking.es\/the-work-club\/wp-content\/uploads\/2025\/12\/foto-placas.solares-1024x683.jpg\" class=\"attachment-large size-large wp-image-2546\" alt=\"foto-placas-solares\" srcset=\"https:\/\/www.ethinking.es\/the-work-club\/wp-content\/uploads\/2025\/12\/foto-placas.solares-1024x683.jpg 1024w, https:\/\/www.ethinking.es\/the-work-club\/wp-content\/uploads\/2025\/12\/foto-placas.solares-300x200.jpg 300w, https:\/\/www.ethinking.es\/the-work-club\/wp-content\/uploads\/2025\/12\/foto-placas.solares-768x512.jpg 768w, https:\/\/www.ethinking.es\/the-work-club\/wp-content\/uploads\/2025\/12\/foto-placas.solares.jpg 1080w\" sizes=\"(max-width: 1024px) 100vw, 1024px\" \/>\t\t\t\t\t\t\t\t\t\t\t\t\t\t\t<\/div>\n\t\t\t\t<\/div>\n\t\t<div class=\"elementor-element elementor-element-64e2ad8 e-con-full e-flex e-con e-child\" data-id=\"64e2ad8\" data-element_type=\"container\">\n\t\t\t\t<div class=\"elementor-element elementor-element-f48eb95 elementor-widget elementor-widget-heading\" data-id=\"f48eb95\" data-element_type=\"widget\" data-widget_type=\"heading.default\">\n\t\t\t\t\t<h3 class=\"elementor-heading-title elementor-size-default\">Sostenibilidad<\/h3>\t\t\t\t<\/div>\n\t\t\t\t<div class=\"elementor-element elementor-element-3c9b955 elementor-widget-divider--view-line elementor-widget elementor-widget-divider\" data-id=\"3c9b955\" data-element_type=\"widget\" data-widget_type=\"divider.default\">\n\t\t\t\t\t\t\t<div class=\"elementor-divider\">\n\t\t\t<span class=\"elementor-divider-separator\">\n\t\t\t\t\t\t<\/span>\n\t\t<\/div>\n\t\t\t\t\t\t<\/div>\n\t\t\t\t<div class=\"elementor-element elementor-element-de82ae0 elementor-widget elementor-widget-text-editor\" data-id=\"de82ae0\" data-element_type=\"widget\" data-widget_type=\"text-editor.default\">\n\t\t\t\t\t\t\t\t\t<p>Comprometidos con la sostenibilidad, nuestras instalaciones cuentan con la certificaci\u00f3n LEED.<\/p>\t\t\t\t\t\t\t\t<\/div>\n\t\t\t\t<\/div>\n\t\t\t\t\t<\/div>\n\t\t\t\t<\/div>\n\t\t\t\t<\/div>\n\t\t<div class=\"elementor-element elementor-element-28bfd52 e-con-full e-flex e-con e-parent\" data-id=\"28bfd52\" data-element_type=\"container\">\n\t\t<div class=\"elementor-element elementor-element-f822990 e-flex e-con-boxed e-con e-child\" data-id=\"f822990\" data-element_type=\"container\" data-settings=\"{&quot;background_background&quot;:&quot;classic&quot;}\">\n\t\t\t\t\t<div class=\"e-con-inner\">\n\t\t<div class=\"elementor-element elementor-element-ff786df e-flex e-con-boxed e-con e-child\" data-id=\"ff786df\" data-element_type=\"container\" data-settings=\"{&quot;background_background&quot;:&quot;classic&quot;}\">\n\t\t\t\t\t<div class=\"e-con-inner\">\n\t\t\t\t<div class=\"elementor-element elementor-element-20537e3 elementor-widget elementor-widget-heading\" data-id=\"20537e3\" data-element_type=\"widget\" data-widget_type=\"heading.default\">\n\t\t\t\t\t<h3 class=\"elementor-heading-title elementor-size-default\">Vis\u00edtanos y \u00fanete a esta nueva forma de vivir el trabajo<\/h3>\t\t\t\t<\/div>\n\t\t\t\t<div class=\"elementor-element elementor-element-f50357a elementor-align-center elementor-widget elementor-widget-button\" data-id=\"f50357a\" data-element_type=\"widget\" data-widget_type=\"button.default\">\n\t\t\t\t\t\t\t\t\t\t<a class=\"elementor-button elementor-button-link elementor-size-sm\" href=\"https:\/\/www.ethinking.es\/the-work-club\/contacto\/\">\n\t\t\t\t\t\t<span class=\"elementor-button-content-wrapper\">\n\t\t\t\t\t\t\t\t\t<span class=\"elementor-button-text\">Cont\u00e1ctanos<\/span>\n\t\t\t\t\t<\/span>\n\t\t\t\t\t<\/a>\n\t\t\t\t\t\t\t\t<\/div>\n\t\t\t\t\t<\/div>\n\t\t\t\t<\/div>\n\t\t\t\t\t<\/div>\n\t\t\t\t<\/div>\n\t\t\t\t<\/div>\n\t\t\t\t<\/div>\n\t\t","protected":false},"excerpt":{"rendered":"<p>Conectar. Colaborar. Crecer Prop\u00f3sito The Work Club nace en el coraz\u00f3n de Vera para redefinir la manera en la que [&hellip;]<\/p>\n","protected":false},"author":1,"featured_media":0,"parent":0,"menu_order":0,"comment_status":"closed","ping_status":"closed","template":"","meta":{"site-sidebar-layout":"no-sidebar","site-content-layout":"page-builder","ast-site-content-layout":"full-width-container","site-content-style":"unboxed","site-sidebar-style":"unboxed","ast-global-header-display":"","ast-banner-title-visibility":"disabled","ast-main-header-display":"","ast-hfb-above-header-display":"","ast-hfb-below-header-display":"","ast-hfb-mobile-header-display":"","site-post-title":"disabled","ast-breadcrumbs-content":"","ast-featured-img":"disabled","footer-sml-layout":"","ast-disable-related-posts":"","theme-transparent-header-meta":"default","adv-header-id-meta":"","stick-header-meta":"","header-above-stick-meta":"","header-main-stick-meta":"","header-below-stick-meta":"","astra-migrate-meta-layouts":"set","ast-page-background-enabled":"default","ast-page-background-meta":{"desktop":{"background-color":"var(--ast-global-color-4)","background-image":"","background-repeat":"repeat","background-position":"center center","background-size":"auto","background-attachment":"scroll","background-type":"","background-media":"","overlay-type":"","overlay-color":"","overlay-opacity":"","overlay-gradient":""},"tablet":{"background-color":"","background-image":"","background-repeat":"repeat","background-position":"center center","background-size":"auto","background-attachment":"scroll","background-type":"","background-media":"","overlay-type":"","overlay-color":"","overlay-opacity":"","overlay-gradient":""},"mobile":{"background-color":"","background-image":"","background-repeat":"repeat","background-position":"center center","background-size":"auto","background-attachment":"scroll","background-type":"","background-media":"","overlay-type":"","overlay-color":"","overlay-opacity":"","overlay-gradient":""}},"ast-content-background-meta":{"desktop":{"background-color":"var(--ast-global-color-5)","background-image":"","background-repeat":"repeat","background-position":"center center","background-size":"auto","background-attachment":"scroll","background-type":"","background-media":"","overlay-type":"","overlay-color":"","overlay-opacity":"","overlay-gradient":""},"tablet":{"background-color":"var(--ast-global-color-5)","background-image":"","background-repeat":"repeat","background-position":"center center","background-size":"auto","background-attachment":"scroll","background-type":"","background-media":"","overlay-type":"","overlay-color":"","overlay-opacity":"","overlay-gradient":""},"mobile":{"background-color":"var(--ast-global-color-5)","background-image":"","background-repeat":"repeat","background-position":"center center","background-size":"auto","background-attachment":"scroll","background-type":"","background-media":"","overlay-type":"","overlay-color":"","overlay-opacity":"","overlay-gradient":""}},"footnotes":""},"class_list":["post-1502","page","type-page","status-publish","hentry"],"_links":{"self":[{"href":"https:\/\/www.ethinking.es\/the-work-club\/wp-json\/wp\/v2\/pages\/1502","targetHints":{"allow":["GET"]}}],"collection":[{"href":"https:\/\/www.ethinking.es\/the-work-club\/wp-json\/wp\/v2\/pages"}],"about":[{"href":"https:\/\/www.ethinking.es\/the-work-club\/wp-json\/wp\/v2\/types\/page"}],"author":[{"embeddable":true,"href":"https:\/\/www.ethinking.es\/the-work-club\/wp-json\/wp\/v2\/users\/1"}],"replies":[{"embeddable":true,"href":"https:\/\/www.ethinking.es\/the-work-club\/wp-json\/wp\/v2\/comments?post=1502"}],"version-history":[{"count":85,"href":"https:\/\/www.ethinking.es\/the-work-club\/wp-json\/wp\/v2\/pages\/1502\/revisions"}],"predecessor-version":[{"id":2549,"href":"https:\/\/www.ethinking.es\/the-work-club\/wp-json\/wp\/v2\/pages\/1502\/revisions\/2549"}],"wp:attachment":[{"href":"https:\/\/www.ethinking.es\/the-work-club\/wp-json\/wp\/v2\/media?parent=1502"}],"curies":[{"name":"wp","href":"https:\/\/api.w.org\/{rel}","templated":true}]}}