{"id":1353,"date":"2025-11-25T11:57:47","date_gmt":"2025-11-25T10:57:47","guid":{"rendered":"https:\/\/www.ethinking.es\/the-work-club\/?page_id=1353"},"modified":"2025-12-19T12:27:43","modified_gmt":"2025-12-19T11:27:43","slug":"servicios","status":"publish","type":"page","link":"https:\/\/www.ethinking.es\/the-work-club\/servicios\/","title":{"rendered":"Espacios"},"content":{"rendered":"\t\t<div data-elementor-type=\"wp-page\" data-elementor-id=\"1353\" class=\"elementor elementor-1353\">\n\t\t\t\t<div class=\"elementor-element elementor-element-33bf44c e-con-full e-flex e-con e-parent\" data-id=\"33bf44c\" data-element_type=\"container\">\n\t\t<div class=\"elementor-element elementor-element-955f6aa e-flex e-con-boxed e-con e-child\" data-id=\"955f6aa\" data-element_type=\"container\" data-settings=\"{&quot;background_background&quot;:&quot;classic&quot;}\">\n\t\t\t\t\t<div class=\"e-con-inner\">\n\t\t\t\t<div class=\"elementor-element elementor-element-74d6a31 elementor-widget elementor-widget-heading\" data-id=\"74d6a31\" data-element_type=\"widget\" data-widget_type=\"heading.default\">\n\t\t\t\t\t<h1 class=\"elementor-heading-title elementor-size-default\">\u00bfConoces ya nuestros espacios compartidos?\n<\/h1>\t\t\t\t<\/div>\n\t\t\t\t\t<\/div>\n\t\t\t\t<\/div>\n\t\t\t\t<\/div>\n\t\t<div class=\"elementor-element elementor-element-e326bd3 e-con-full e-flex e-con e-parent\" data-id=\"e326bd3\" data-element_type=\"container\" data-settings=\"{&quot;background_background&quot;:&quot;classic&quot;}\">\n\t\t\t\t<div class=\"elementor-element elementor-element-3fcac46 elementor-widget elementor-widget-heading\" data-id=\"3fcac46\" data-element_type=\"widget\" data-widget_type=\"heading.default\">\n\t\t\t\t\t<h2 class=\"elementor-heading-title elementor-size-default\">Dise\u00f1ados para ayudarte a equilibrar trabajo y bienestar<\/h2>\t\t\t\t<\/div>\n\t\t\t\t<\/div>\n\t\t<div class=\"elementor-element elementor-element-e774303 e-con-full e-flex e-con e-parent\" data-id=\"e774303\" data-element_type=\"container\" data-settings=\"{&quot;background_background&quot;:&quot;classic&quot;}\">\n\t\t<div class=\"elementor-element elementor-element-45cf031 e-flex e-con-boxed e-con e-child\" data-id=\"45cf031\" data-element_type=\"container\" data-settings=\"{&quot;background_background&quot;:&quot;classic&quot;}\">\n\t\t\t\t\t<div class=\"e-con-inner\">\n\t\t<div class=\"elementor-element elementor-element-3e17393 e-con-full e-flex e-con e-child\" data-id=\"3e17393\" data-element_type=\"container\">\n\t\t\t\t<div class=\"elementor-element elementor-element-2dc2a2a elementor-widget elementor-widget-image\" data-id=\"2dc2a2a\" data-element_type=\"widget\" data-widget_type=\"image.default\">\n\t\t\t\t\t\t\t\t\t\t\t\t\t\t\t<img fetchpriority=\"high\" decoding=\"async\" width=\"1024\" height=\"683\" src=\"https:\/\/www.ethinking.es\/the-work-club\/wp-content\/uploads\/2025\/11\/dos-personas-trabajando-en-terraza-con-jardin-1024x683.jpg\" class=\"attachment-large size-large wp-image-1362\" alt=\"\" srcset=\"https:\/\/www.ethinking.es\/the-work-club\/wp-content\/uploads\/2025\/11\/dos-personas-trabajando-en-terraza-con-jardin-1024x683.jpg 1024w, https:\/\/www.ethinking.es\/the-work-club\/wp-content\/uploads\/2025\/11\/dos-personas-trabajando-en-terraza-con-jardin-300x200.jpg 300w, https:\/\/www.ethinking.es\/the-work-club\/wp-content\/uploads\/2025\/11\/dos-personas-trabajando-en-terraza-con-jardin-768x512.jpg 768w, https:\/\/www.ethinking.es\/the-work-club\/wp-content\/uploads\/2025\/11\/dos-personas-trabajando-en-terraza-con-jardin.jpg 1080w\" sizes=\"(max-width: 1024px) 100vw, 1024px\" \/>\t\t\t\t\t\t\t\t\t\t\t\t\t\t\t<\/div>\n\t\t\t\t<\/div>\n\t\t<div class=\"elementor-element elementor-element-878b652 e-con-full e-flex e-con e-child\" data-id=\"878b652\" data-element_type=\"container\">\n\t\t\t\t<div class=\"elementor-element elementor-element-90ab8c7 elementor-widget elementor-widget-heading\" data-id=\"90ab8c7\" data-element_type=\"widget\" data-widget_type=\"heading.default\">\n\t\t\t\t\t<h3 class=\"elementor-heading-title elementor-size-default\">Jard\u00edn interior<\/h3>\t\t\t\t<\/div>\n\t\t\t\t<div class=\"elementor-element elementor-element-54a2408 elementor-widget-divider--view-line elementor-widget elementor-widget-divider\" data-id=\"54a2408\" data-element_type=\"widget\" data-widget_type=\"divider.default\">\n\t\t\t\t\t\t\t<div class=\"elementor-divider\">\n\t\t\t<span class=\"elementor-divider-separator\">\n\t\t\t\t\t\t<\/span>\n\t\t<\/div>\n\t\t\t\t\t\t<\/div>\n\t\t\t\t<div class=\"elementor-element elementor-element-ef7c1cd elementor-widget elementor-widget-text-editor\" data-id=\"ef7c1cd\" data-element_type=\"widget\" data-widget_type=\"text-editor.default\">\n\t\t\t\t\t\t\t\t\t<p>En el coraz\u00f3n del edificio se encuentra el Jard\u00edn Interior. Un luminoso espacio natural al aire libre con zonas verdes donde trabajar, atender llamadas o tomarte un descanso durante tu d\u00eda.<\/p>\t\t\t\t\t\t\t\t<\/div>\n\t\t\t\t<\/div>\n\t\t\t\t\t<\/div>\n\t\t\t\t<\/div>\n\t\t\t\t<\/div>\n\t\t<div class=\"elementor-element elementor-element-3f97938 e-con-full e-flex e-con e-parent\" data-id=\"3f97938\" data-element_type=\"container\" data-settings=\"{&quot;background_background&quot;:&quot;classic&quot;}\">\n\t\t<div class=\"elementor-element elementor-element-c7bae58 e-flex e-con-boxed e-con e-child\" data-id=\"c7bae58\" data-element_type=\"container\" data-settings=\"{&quot;background_background&quot;:&quot;classic&quot;}\">\n\t\t\t\t\t<div class=\"e-con-inner\">\n\t\t<div class=\"elementor-element elementor-element-0dbe05e e-con-full e-flex e-con e-child\" data-id=\"0dbe05e\" data-element_type=\"container\">\n\t\t\t\t<div class=\"elementor-element elementor-element-273fc5d elementor-widget__width-initial elementor-widget elementor-widget-heading\" data-id=\"273fc5d\" data-element_type=\"widget\" data-widget_type=\"heading.default\">\n\t\t\t\t\t<h3 class=\"elementor-heading-title elementor-size-default\">RoofTop<\/h3>\t\t\t\t<\/div>\n\t\t\t\t<div class=\"elementor-element elementor-element-78383ca elementor-widget-divider--view-line elementor-widget elementor-widget-divider\" data-id=\"78383ca\" data-element_type=\"widget\" data-widget_type=\"divider.default\">\n\t\t\t\t\t\t\t<div class=\"elementor-divider\">\n\t\t\t<span class=\"elementor-divider-separator\">\n\t\t\t\t\t\t<\/span>\n\t\t<\/div>\n\t\t\t\t\t\t<\/div>\n\t\t\t\t<div class=\"elementor-element elementor-element-758cd0c elementor-widget elementor-widget-text-editor\" data-id=\"758cd0c\" data-element_type=\"widget\" data-widget_type=\"text-editor.default\">\n\t\t\t\t\t\t\t\t\t<p>Para cuando quieras disfrutar de una reuni\u00f3n m\u00e1s informal al aire libre, trabajar con vistas a la ciudad, o buscar inspiraci\u00f3n desde las alturas. El Rooftop tambi\u00e9n dispone de una cocina equipada para acoger eventos de hasta 100 personas.<\/p>\t\t\t\t\t\t\t\t<\/div>\n\t\t\t\t<\/div>\n\t\t<div class=\"elementor-element elementor-element-75144b3 e-con-full e-flex e-con e-child\" data-id=\"75144b3\" data-element_type=\"container\">\n\t\t\t\t<div class=\"elementor-element elementor-element-f808f6d elementor-widget elementor-widget-image\" data-id=\"f808f6d\" data-element_type=\"widget\" data-widget_type=\"image.default\">\n\t\t\t\t\t\t\t\t\t\t\t\t\t\t\t<img decoding=\"async\" width=\"1024\" height=\"683\" src=\"https:\/\/www.ethinking.es\/the-work-club\/wp-content\/uploads\/2025\/11\/grupo-de-personas-en-una-terraza-con-bebidas-1024x683.jpg\" class=\"attachment-large size-large wp-image-1363\" alt=\"grupo-de-personas-en-una-terraza-con-bebidas\" srcset=\"https:\/\/www.ethinking.es\/the-work-club\/wp-content\/uploads\/2025\/11\/grupo-de-personas-en-una-terraza-con-bebidas-1024x683.jpg 1024w, https:\/\/www.ethinking.es\/the-work-club\/wp-content\/uploads\/2025\/11\/grupo-de-personas-en-una-terraza-con-bebidas-300x200.jpg 300w, https:\/\/www.ethinking.es\/the-work-club\/wp-content\/uploads\/2025\/11\/grupo-de-personas-en-una-terraza-con-bebidas-768x512.jpg 768w, https:\/\/www.ethinking.es\/the-work-club\/wp-content\/uploads\/2025\/11\/grupo-de-personas-en-una-terraza-con-bebidas.jpg 1080w\" sizes=\"(max-width: 1024px) 100vw, 1024px\" \/>\t\t\t\t\t\t\t\t\t\t\t\t\t\t\t<\/div>\n\t\t\t\t<\/div>\n\t\t\t\t\t<\/div>\n\t\t\t\t<\/div>\n\t\t\t\t<\/div>\n\t\t<div class=\"elementor-element elementor-element-377a927 e-con-full e-flex e-con e-parent\" data-id=\"377a927\" data-element_type=\"container\" data-settings=\"{&quot;background_background&quot;:&quot;classic&quot;}\">\n\t\t<div class=\"elementor-element elementor-element-5114a89 e-flex e-con-boxed e-con e-child\" data-id=\"5114a89\" data-element_type=\"container\" data-settings=\"{&quot;background_background&quot;:&quot;classic&quot;}\">\n\t\t\t\t\t<div class=\"e-con-inner\">\n\t\t<div class=\"elementor-element elementor-element-c9cf2d5 e-con-full e-flex e-con e-child\" data-id=\"c9cf2d5\" data-element_type=\"container\">\n\t\t\t\t<div class=\"elementor-element elementor-element-06a4393 elementor-widget elementor-widget-image\" data-id=\"06a4393\" data-element_type=\"widget\" data-widget_type=\"image.default\">\n\t\t\t\t\t\t\t\t\t\t\t\t\t\t\t<img decoding=\"async\" width=\"1024\" height=\"683\" src=\"https:\/\/www.ethinking.es\/the-work-club\/wp-content\/uploads\/2025\/12\/personas-reunidas-tomando-cafe-1024x683.jpg\" class=\"attachment-large size-large wp-image-2563\" alt=\"personas-reunidas-tomando-caf\u00e9\" srcset=\"https:\/\/www.ethinking.es\/the-work-club\/wp-content\/uploads\/2025\/12\/personas-reunidas-tomando-cafe-1024x683.jpg 1024w, https:\/\/www.ethinking.es\/the-work-club\/wp-content\/uploads\/2025\/12\/personas-reunidas-tomando-cafe-300x200.jpg 300w, https:\/\/www.ethinking.es\/the-work-club\/wp-content\/uploads\/2025\/12\/personas-reunidas-tomando-cafe-768x512.jpg 768w, https:\/\/www.ethinking.es\/the-work-club\/wp-content\/uploads\/2025\/12\/personas-reunidas-tomando-cafe.jpg 1080w\" sizes=\"(max-width: 1024px) 100vw, 1024px\" \/>\t\t\t\t\t\t\t\t\t\t\t\t\t\t\t<\/div>\n\t\t\t\t<\/div>\n\t\t<div class=\"elementor-element elementor-element-5948d52 e-con-full e-flex e-con e-child\" data-id=\"5948d52\" data-element_type=\"container\">\n\t\t\t\t<div class=\"elementor-element elementor-element-1a792d1 elementor-widget__width-initial elementor-widget elementor-widget-heading\" data-id=\"1a792d1\" data-element_type=\"widget\" data-widget_type=\"heading.default\">\n\t\t\t\t\t<h3 class=\"elementor-heading-title elementor-size-default\">Coffee Launch VIP<\/h3>\t\t\t\t<\/div>\n\t\t\t\t<div class=\"elementor-element elementor-element-1b569f9 elementor-widget-divider--view-line elementor-widget elementor-widget-divider\" data-id=\"1b569f9\" data-element_type=\"widget\" data-widget_type=\"divider.default\">\n\t\t\t\t\t\t\t<div class=\"elementor-divider\">\n\t\t\t<span class=\"elementor-divider-separator\">\n\t\t\t\t\t\t<\/span>\n\t\t<\/div>\n\t\t\t\t\t\t<\/div>\n\t\t\t\t<div class=\"elementor-element elementor-element-26e7cf3 elementor-widget elementor-widget-text-editor\" data-id=\"26e7cf3\" data-element_type=\"widget\" data-widget_type=\"text-editor.default\">\n\t\t\t\t\t\t\t\t\t<div id=\"AdditionalBars\"><div id=\"AdditionalBarsRegion\" class=\"Region\"><div id=\"m_excelWebRenderer_ewaCtl_m_formulaBar\" class=\"ewa-fb-nb ewa-fb-refactor ewa-fb-fluent\"><div class=\"ewa-fb drop-down\"><div id=\"m_excelWebRenderer_ewaCtl_formulaBarTextDivContainerId\" class=\"ewa-fb-text-div-container\"><div id=\"formulaBarTextDivId\" class=\"ewa-fb-text-box ewa-fb-text-box-new-theme ewa-fb-text-box-new not-ie ewa-fb-disabled ql-disabled\"><div id=\"formulaBarTextDivId_textElement\" class=\"ql-editor ewa-rteTextElement\" dir=\"auto\" tabindex=\"0\" role=\"textbox\" contenteditable=\"false\" spellcheck=\"false\" data-gramm=\"false\" aria-label=\"formula bar\" data-fui-focus-visible=\"\"><div class=\"ewa-rteLine\">Un ambiente privado y exclusivo para conversaciones de valor, reuniones relajadas y momentos de concentraci\u00f3n, acompa\u00f1ados de una cuidada selecci\u00f3n de caf\u00e9, bebidas y snacs gourmet en formato self-service.<\/div><\/div><\/div><\/div><\/div><\/div><\/div><\/div><div id=\"NotificationBar\"><div id=\"NotificationBarRegion\" class=\"Region\"><div class=\"WACNotificationBar\"><div class=\"fui-FluentProvider fui-FluentProviderr99 ___1wli6bv f19n0e5 f3rmtva f1o700av fk6fouc fkhj508 figsok6 f5lt7tx f2q8o33 fwk23hs fcki024 fbrulcr f11ln2im fqnx5so f1wwj2d7 f1rpz4u5\">\u00a0<\/div><\/div><\/div><\/div>\t\t\t\t\t\t\t\t<\/div>\n\t\t\t\t<\/div>\n\t\t\t\t\t<\/div>\n\t\t\t\t<\/div>\n\t\t\t\t<\/div>\n\t\t<div class=\"elementor-element elementor-element-64ee597 e-con-full e-flex e-con e-parent\" data-id=\"64ee597\" data-element_type=\"container\" data-settings=\"{&quot;background_background&quot;:&quot;classic&quot;}\">\n\t\t<div class=\"elementor-element elementor-element-2819b6b e-flex e-con-boxed e-con e-child\" data-id=\"2819b6b\" data-element_type=\"container\" data-settings=\"{&quot;background_background&quot;:&quot;classic&quot;}\">\n\t\t\t\t\t<div class=\"e-con-inner\">\n\t\t<div class=\"elementor-element elementor-element-5da6c42 e-con-full e-flex e-con e-child\" data-id=\"5da6c42\" data-element_type=\"container\">\n\t\t\t\t<div class=\"elementor-element elementor-element-158eb0c elementor-widget__width-initial elementor-widget elementor-widget-heading\" data-id=\"158eb0c\" data-element_type=\"widget\" data-widget_type=\"heading.default\">\n\t\t\t\t\t<h3 class=\"elementor-heading-title elementor-size-default\">Coffee Corner<\/h3>\t\t\t\t<\/div>\n\t\t\t\t<div class=\"elementor-element elementor-element-cff38f0 elementor-widget-divider--view-line elementor-widget elementor-widget-divider\" data-id=\"cff38f0\" data-element_type=\"widget\" data-widget_type=\"divider.default\">\n\t\t\t\t\t\t\t<div class=\"elementor-divider\">\n\t\t\t<span class=\"elementor-divider-separator\">\n\t\t\t\t\t\t<\/span>\n\t\t<\/div>\n\t\t\t\t\t\t<\/div>\n\t\t\t\t<div class=\"elementor-element elementor-element-affaf4e elementor-widget elementor-widget-text-editor\" data-id=\"affaf4e\" data-element_type=\"widget\" data-widget_type=\"text-editor.default\">\n\t\t\t\t\t\t\t\t\t<p>Tu primera parada indispensable del d\u00eda y un punto de pausa perfecto para tomar un caf\u00e9 y estrechar relaciones con otros miembros.<\/p>\t\t\t\t\t\t\t\t<\/div>\n\t\t\t\t<\/div>\n\t\t<div class=\"elementor-element elementor-element-5de49e7 e-con-full e-flex e-con e-child\" data-id=\"5de49e7\" data-element_type=\"container\">\n\t\t\t\t<div class=\"elementor-element elementor-element-09aa51f elementor-widget elementor-widget-image\" data-id=\"09aa51f\" data-element_type=\"widget\" data-widget_type=\"image.default\">\n\t\t\t\t\t\t\t\t\t\t\t\t\t\t\t<img loading=\"lazy\" decoding=\"async\" width=\"1024\" height=\"683\" src=\"https:\/\/www.ethinking.es\/the-work-club\/wp-content\/uploads\/2025\/12\/foto-taza-de-cafe-twc-1024x683.jpg\" class=\"attachment-large size-large wp-image-2573\" alt=\"foto-taza-de-cafe-twc\" srcset=\"https:\/\/www.ethinking.es\/the-work-club\/wp-content\/uploads\/2025\/12\/foto-taza-de-cafe-twc-1024x683.jpg 1024w, https:\/\/www.ethinking.es\/the-work-club\/wp-content\/uploads\/2025\/12\/foto-taza-de-cafe-twc-300x200.jpg 300w, https:\/\/www.ethinking.es\/the-work-club\/wp-content\/uploads\/2025\/12\/foto-taza-de-cafe-twc-768x512.jpg 768w, https:\/\/www.ethinking.es\/the-work-club\/wp-content\/uploads\/2025\/12\/foto-taza-de-cafe-twc.jpg 1080w\" sizes=\"(max-width: 1024px) 100vw, 1024px\" \/>\t\t\t\t\t\t\t\t\t\t\t\t\t\t\t<\/div>\n\t\t\t\t<\/div>\n\t\t\t\t\t<\/div>\n\t\t\t\t<\/div>\n\t\t\t\t<\/div>\n\t\t<div class=\"elementor-element elementor-element-6be5f79 e-con-full e-flex e-con e-parent\" data-id=\"6be5f79\" data-element_type=\"container\" data-settings=\"{&quot;background_background&quot;:&quot;classic&quot;}\">\n\t\t<div class=\"elementor-element elementor-element-a3fd513 e-flex e-con-boxed e-con e-child\" data-id=\"a3fd513\" data-element_type=\"container\" data-settings=\"{&quot;background_background&quot;:&quot;classic&quot;}\">\n\t\t\t\t\t<div class=\"e-con-inner\">\n\t\t<div class=\"elementor-element elementor-element-c3486a1 e-con-full e-flex e-con e-child\" data-id=\"c3486a1\" data-element_type=\"container\">\n\t\t\t\t<div class=\"elementor-element elementor-element-b9d095b elementor-widget elementor-widget-image\" data-id=\"b9d095b\" data-element_type=\"widget\" data-widget_type=\"image.default\">\n\t\t\t\t\t\t\t\t\t\t\t\t\t\t\t<img loading=\"lazy\" decoding=\"async\" width=\"1024\" height=\"683\" src=\"https:\/\/www.ethinking.es\/the-work-club\/wp-content\/uploads\/2025\/12\/personas-comiendo-en-mesa-alta-logo-1024x683.jpg\" class=\"attachment-large size-large wp-image-2580\" alt=\"personas-comiendo-en-mesa-alta-logo\" srcset=\"https:\/\/www.ethinking.es\/the-work-club\/wp-content\/uploads\/2025\/12\/personas-comiendo-en-mesa-alta-logo-1024x683.jpg 1024w, https:\/\/www.ethinking.es\/the-work-club\/wp-content\/uploads\/2025\/12\/personas-comiendo-en-mesa-alta-logo-300x200.jpg 300w, https:\/\/www.ethinking.es\/the-work-club\/wp-content\/uploads\/2025\/12\/personas-comiendo-en-mesa-alta-logo-768x512.jpg 768w, https:\/\/www.ethinking.es\/the-work-club\/wp-content\/uploads\/2025\/12\/personas-comiendo-en-mesa-alta-logo.jpg 1080w\" sizes=\"(max-width: 1024px) 100vw, 1024px\" \/>\t\t\t\t\t\t\t\t\t\t\t\t\t\t\t<\/div>\n\t\t\t\t<\/div>\n\t\t<div class=\"elementor-element elementor-element-b885978 e-con-full e-flex e-con e-child\" data-id=\"b885978\" data-element_type=\"container\">\n\t\t\t\t<div class=\"elementor-element elementor-element-b29d976 elementor-widget elementor-widget-heading\" data-id=\"b29d976\" data-element_type=\"widget\" data-widget_type=\"heading.default\">\n\t\t\t\t\t<h3 class=\"elementor-heading-title elementor-size-default\">Cocina Comedor*<\/h3>\t\t\t\t<\/div>\n\t\t\t\t<div class=\"elementor-element elementor-element-b7e4077 elementor-widget-divider--view-line elementor-widget elementor-widget-divider\" data-id=\"b7e4077\" data-element_type=\"widget\" data-widget_type=\"divider.default\">\n\t\t\t\t\t\t\t<div class=\"elementor-divider\">\n\t\t\t<span class=\"elementor-divider-separator\">\n\t\t\t\t\t\t<\/span>\n\t\t<\/div>\n\t\t\t\t\t\t<\/div>\n\t\t\t\t<div class=\"elementor-element elementor-element-011ce38 elementor-widget elementor-widget-text-editor\" data-id=\"011ce38\" data-element_type=\"widget\" data-widget_type=\"text-editor.default\">\n\t\t\t\t\t\t\t\t\t<p>Un espacio amplio, c\u00f3modo y tranquilo para disfrutar tus comidas, hacer un descanso y compartir con otros profesionales.<\/p>\t\t\t\t\t\t\t\t<\/div>\n\t\t\t\t<div class=\"elementor-element elementor-element-42729c7 elementor-widget elementor-widget-text-editor\" data-id=\"42729c7\" data-element_type=\"widget\" data-widget_type=\"text-editor.default\">\n\t\t\t\t\t\t\t\t\t<p>*En colaboraci\u00f3n con Juan Moreno\u200b<\/p>\t\t\t\t\t\t\t\t<\/div>\n\t\t\t\t<\/div>\n\t\t\t\t\t<\/div>\n\t\t\t\t<\/div>\n\t\t\t\t<\/div>\n\t\t<div class=\"elementor-element elementor-element-5254abe e-con-full e-flex e-con e-parent\" data-id=\"5254abe\" data-element_type=\"container\">\n\t\t<div class=\"elementor-element elementor-element-3a73f83 e-flex e-con-boxed e-con e-child\" data-id=\"3a73f83\" data-element_type=\"container\" data-settings=\"{&quot;background_background&quot;:&quot;classic&quot;}\">\n\t\t\t\t\t<div class=\"e-con-inner\">\n\t\t<div class=\"elementor-element elementor-element-b7fb4fb e-flex e-con-boxed e-con e-child\" data-id=\"b7fb4fb\" data-element_type=\"container\" data-settings=\"{&quot;background_background&quot;:&quot;classic&quot;}\">\n\t\t\t\t\t<div class=\"e-con-inner\">\n\t\t\t\t<div class=\"elementor-element elementor-element-b02a407 elementor-widget elementor-widget-heading\" data-id=\"b02a407\" data-element_type=\"widget\" data-widget_type=\"heading.default\">\n\t\t\t\t\t<h3 class=\"elementor-heading-title elementor-size-default\">V\u00edsitanos y \u00fanete a esta nueva forma de vivir el trabajo<\/h3>\t\t\t\t<\/div>\n\t\t\t\t<div class=\"elementor-element elementor-element-b8355d7 elementor-align-center elementor-widget elementor-widget-button\" data-id=\"b8355d7\" data-element_type=\"widget\" data-widget_type=\"button.default\">\n\t\t\t\t\t\t\t\t\t\t<a class=\"elementor-button elementor-button-link elementor-size-sm\" href=\"https:\/\/www.ethinking.es\/the-work-club\/contacto\/\">\n\t\t\t\t\t\t<span class=\"elementor-button-content-wrapper\">\n\t\t\t\t\t\t\t\t\t<span class=\"elementor-button-text\">Cont\u00e1ctanos<\/span>\n\t\t\t\t\t<\/span>\n\t\t\t\t\t<\/a>\n\t\t\t\t\t\t\t\t<\/div>\n\t\t\t\t\t<\/div>\n\t\t\t\t<\/div>\n\t\t\t\t\t<\/div>\n\t\t\t\t<\/div>\n\t\t\t\t<\/div>\n\t\t\t\t<\/div>\n\t\t","protected":false},"excerpt":{"rendered":"<p>\u00bfConoces ya nuestros espacios compartidos? Dise\u00f1ados para ayudarte a equilibrar trabajo y bienestar Jard\u00edn interior En el coraz\u00f3n del edificio [&hellip;]<\/p>\n","protected":false},"author":1,"featured_media":0,"parent":0,"menu_order":0,"comment_status":"closed","ping_status":"closed","template":"","meta":{"site-sidebar-layout":"no-sidebar","site-content-layout":"page-builder","ast-site-content-layout":"full-width-container","site-content-style":"unboxed","site-sidebar-style":"unboxed","ast-global-header-display":"","ast-banner-title-visibility":"disabled","ast-main-header-display":"","ast-hfb-above-header-display":"","ast-hfb-below-header-display":"","ast-hfb-mobile-header-display":"","site-post-title":"disabled","ast-breadcrumbs-content":"","ast-featured-img":"disabled","footer-sml-layout":"","ast-disable-related-posts":"","theme-transparent-header-meta":"default","adv-header-id-meta":"","stick-header-meta":"","header-above-stick-meta":"","header-main-stick-meta":"","header-below-stick-meta":"","astra-migrate-meta-layouts":"set","ast-page-background-enabled":"default","ast-page-background-meta":{"desktop":{"background-color":"var(--ast-global-color-4)","background-image":"","background-repeat":"repeat","background-position":"center center","background-size":"auto","background-attachment":"scroll","background-type":"","background-media":"","overlay-type":"","overlay-color":"","overlay-opacity":"","overlay-gradient":""},"tablet":{"background-color":"","background-image":"","background-repeat":"repeat","background-position":"center center","background-size":"auto","background-attachment":"scroll","background-type":"","background-media":"","overlay-type":"","overlay-color":"","overlay-opacity":"","overlay-gradient":""},"mobile":{"background-color":"","background-image":"","background-repeat":"repeat","background-position":"center center","background-size":"auto","background-attachment":"scroll","background-type":"","background-media":"","overlay-type":"","overlay-color":"","overlay-opacity":"","overlay-gradient":""}},"ast-content-background-meta":{"desktop":{"background-color":"var(--ast-global-color-5)","background-image":"","background-repeat":"repeat","background-position":"center center","background-size":"auto","background-attachment":"scroll","background-type":"","background-media":"","overlay-type":"","overlay-color":"","overlay-opacity":"","overlay-gradient":""},"tablet":{"background-color":"var(--ast-global-color-5)","background-image":"","background-repeat":"repeat","background-position":"center center","background-size":"auto","background-attachment":"scroll","background-type":"","background-media":"","overlay-type":"","overlay-color":"","overlay-opacity":"","overlay-gradient":""},"mobile":{"background-color":"var(--ast-global-color-5)","background-image":"","background-repeat":"repeat","background-position":"center center","background-size":"auto","background-attachment":"scroll","background-type":"","background-media":"","overlay-type":"","overlay-color":"","overlay-opacity":"","overlay-gradient":""}},"footnotes":""},"class_list":["post-1353","page","type-page","status-publish","hentry"],"_links":{"self":[{"href":"https:\/\/www.ethinking.es\/the-work-club\/wp-json\/wp\/v2\/pages\/1353","targetHints":{"allow":["GET"]}}],"collection":[{"href":"https:\/\/www.ethinking.es\/the-work-club\/wp-json\/wp\/v2\/pages"}],"about":[{"href":"https:\/\/www.ethinking.es\/the-work-club\/wp-json\/wp\/v2\/types\/page"}],"author":[{"embeddable":true,"href":"https:\/\/www.ethinking.es\/the-work-club\/wp-json\/wp\/v2\/users\/1"}],"replies":[{"embeddable":true,"href":"https:\/\/www.ethinking.es\/the-work-club\/wp-json\/wp\/v2\/comments?post=1353"}],"version-history":[{"count":112,"href":"https:\/\/www.ethinking.es\/the-work-club\/wp-json\/wp\/v2\/pages\/1353\/revisions"}],"predecessor-version":[{"id":2583,"href":"https:\/\/www.ethinking.es\/the-work-club\/wp-json\/wp\/v2\/pages\/1353\/revisions\/2583"}],"wp:attachment":[{"href":"https:\/\/www.ethinking.es\/the-work-club\/wp-json\/wp\/v2\/media?parent=1353"}],"curies":[{"name":"wp","href":"https:\/\/api.w.org\/{rel}","templated":true}]}}